{"id":2,"date":"2025-07-08T13:05:19","date_gmt":"2025-07-08T18:05:19","guid":{"rendered":"https:\/\/publitak.servicio.com.co\/?page_id=2"},"modified":"2025-08-20T15:57:38","modified_gmt":"2025-08-20T20:57:38","slug":"pagina-ejemplo","status":"publish","type":"page","link":"https:\/\/publitak.servicio.com.co\/","title":{"rendered":"INICIO"},"content":{"rendered":"\t\t<div data-elementor-type=\"wp-page\" data-elementor-id=\"2\" class=\"elementor elementor-2\">\n\t\t\t\t<div class=\"elementor-element elementor-element-d645220 e-flex e-con-boxed e-con e-parent\" data-id=\"d645220\" data-element_type=\"container\">\n\t\t\t\t\t<div class=\"e-con-inner\">\n\t\t<div class=\"elementor-element elementor-element-abc145a e-con-full e-flex e-con e-child\" data-id=\"abc145a\" data-element_type=\"container\">\n\t\t\t\t<div class=\"elementor-element elementor-element-ef19844 elementor-widget elementor-widget-image\" data-id=\"ef19844\" data-element_type=\"widget\" data-widget_type=\"image.default\">\n\t\t\t\t\t\t\t\t\t\t\t\t\t\t\t<img fetchpriority=\"high\" decoding=\"async\" width=\"768\" height=\"841\" src=\"https:\/\/publitak.servicio.com.co\/wp-content\/uploads\/2025\/07\/PUBLITAK-MAFE-768x841.png\" class=\"attachment-medium_large size-medium_large wp-image-14\" alt=\"\" srcset=\"https:\/\/publitak.servicio.com.co\/wp-content\/uploads\/2025\/07\/PUBLITAK-MAFE-768x841.png 768w, https:\/\/publitak.servicio.com.co\/wp-content\/uploads\/2025\/07\/PUBLITAK-MAFE-274x300.png 274w, https:\/\/publitak.servicio.com.co\/wp-content\/uploads\/2025\/07\/PUBLITAK-MAFE.png 895w\" sizes=\"(max-width: 768px) 100vw, 768px\" \/>\t\t\t\t\t\t\t\t\t\t\t\t\t\t\t<\/div>\n\t\t\t\t<\/div>\n\t\t<div class=\"elementor-element elementor-element-c32dab7 e-con-full e-flex e-con e-child\" data-id=\"c32dab7\" data-element_type=\"container\">\n\t\t\t\t<div class=\"elementor-element elementor-element-d8ffddd elementor-widget elementor-widget-heading\" data-id=\"d8ffddd\" data-element_type=\"widget\" data-widget_type=\"heading.default\">\n\t\t\t\t\t<h2 class=\"elementor-heading-title elementor-size-default\">Mar\u00eda Fernanda Camargo Serrano<\/h2>\t\t\t\t<\/div>\n\t\t\t\t<div class=\"elementor-element elementor-element-bf8de44 elementor-widget elementor-widget-text-editor\" data-id=\"bf8de44\" data-element_type=\"widget\" data-widget_type=\"text-editor.default\">\n\t\t\t\t\t\t\t\t\t<p>Instalaci\u00f3n De Tarjetas Digitales<\/p>\t\t\t\t\t\t\t\t<\/div>\n\t\t<div class=\"elementor-element elementor-element-fb34ccc e-con-full e-grid e-con e-child\" data-id=\"fb34ccc\" data-element_type=\"container\">\n\t\t\t\t<div class=\"elementor-element elementor-element-5d49596 elementor-widget elementor-widget-image\" data-id=\"5d49596\" data-element_type=\"widget\" data-widget_type=\"image.default\">\n\t\t\t\t\t\t\t\t\t\t\t\t<figure class=\"wp-caption\">\n\t\t\t\t\t\t\t\t\t\t<img decoding=\"async\" width=\"250\" height=\"45\" src=\"https:\/\/publitak.servicio.com.co\/wp-content\/uploads\/2025\/07\/cel-2.png\" class=\"attachment-large size-large wp-image-26\" alt=\"\" \/>\t\t\t\t\t\t\t\t\t\t\t<figcaption class=\"widget-image-caption wp-caption-text\"><\/figcaption>\n\t\t\t\t\t\t\t\t\t\t<\/figure>\n\t\t\t\t\t\t\t\t\t<\/div>\n\t\t\t\t<div class=\"elementor-element elementor-element-cb4c266 elementor-widget elementor-widget-image\" data-id=\"cb4c266\" data-element_type=\"widget\" data-widget_type=\"image.default\">\n\t\t\t\t\t\t\t\t\t\t\t\t\t\t\t\t<a href=\"https:\/\/api.whatsapp.com\/send?phone=573118744110&#038;text=Hola,Quisiera%20solicitar\">\n\t\t\t\t\t\t\t<img decoding=\"async\" width=\"250\" height=\"45\" src=\"https:\/\/publitak.servicio.com.co\/wp-content\/uploads\/2025\/07\/cel-1.png\" class=\"attachment-large size-large wp-image-24\" alt=\"\" \/>\t\t\t\t\t\t\t\t<\/a>\n\t\t\t\t\t\t\t\t\t\t\t\t\t\t\t<\/div>\n\t\t\t\t<\/div>\n\t\t<div class=\"elementor-element elementor-element-80157ad e-grid e-con-full e-con e-child\" data-id=\"80157ad\" data-element_type=\"container\">\n\t\t\t\t<div class=\"elementor-element elementor-element-b0fae05 elementor-widget elementor-widget-image\" data-id=\"b0fae05\" data-element_type=\"widget\" data-widget_type=\"image.default\">\n\t\t\t\t\t\t\t\t\t\t\t\t\t\t\t\t<a href=\"https:\/\/api.whatsapp.com\/send?phone=573052518644&#038;text=Hola,Quisiera%20solicitar\">\n\t\t\t\t\t\t\t<img loading=\"lazy\" decoding=\"async\" width=\"512\" height=\"512\" src=\"https:\/\/publitak.servicio.com.co\/wp-content\/uploads\/2025\/07\/llamar.png\" class=\"attachment-large size-large wp-image-90\" alt=\"\" srcset=\"https:\/\/publitak.servicio.com.co\/wp-content\/uploads\/2025\/07\/llamar.png 512w, https:\/\/publitak.servicio.com.co\/wp-content\/uploads\/2025\/07\/llamar-300x300.png 300w, https:\/\/publitak.servicio.com.co\/wp-content\/uploads\/2025\/07\/llamar-150x150.png 150w\" sizes=\"(max-width: 512px) 100vw, 512px\" \/>\t\t\t\t\t\t\t\t<\/a>\n\t\t\t\t\t\t\t\t\t\t\t\t\t\t\t<\/div>\n\t\t\t\t<div class=\"elementor-element elementor-element-b29823b elementor-widget elementor-widget-image\" data-id=\"b29823b\" data-element_type=\"widget\" data-widget_type=\"image.default\">\n\t\t\t\t\t\t\t\t\t\t\t\t\t\t\t\t<a href=\"mailto:ventas@servicio.com.co\">\n\t\t\t\t\t\t\t<img loading=\"lazy\" decoding=\"async\" width=\"512\" height=\"512\" src=\"https:\/\/publitak.servicio.com.co\/wp-content\/uploads\/2025\/07\/mail.png\" class=\"attachment-large size-large wp-image-94\" alt=\"\" srcset=\"https:\/\/publitak.servicio.com.co\/wp-content\/uploads\/2025\/07\/mail.png 512w, https:\/\/publitak.servicio.com.co\/wp-content\/uploads\/2025\/07\/mail-300x300.png 300w, https:\/\/publitak.servicio.com.co\/wp-content\/uploads\/2025\/07\/mail-150x150.png 150w\" sizes=\"(max-width: 512px) 100vw, 512px\" \/>\t\t\t\t\t\t\t\t<\/a>\n\t\t\t\t\t\t\t\t\t\t\t\t\t\t\t<\/div>\n\t\t\t\t<div class=\"elementor-element elementor-element-c64dc7b elementor-widget elementor-widget-image\" data-id=\"c64dc7b\" data-element_type=\"widget\" data-widget_type=\"image.default\">\n\t\t\t\t\t\t\t\t\t\t\t\t<figure class=\"wp-caption\">\n\t\t\t\t\t\t\t\t\t\t\t<a href=\"https:\/\/api.whatsapp.com\/send?text=https:\/\/publitak.servicio.com.co\">\n\t\t\t\t\t\t\t<img loading=\"lazy\" decoding=\"async\" width=\"512\" height=\"512\" src=\"https:\/\/publitak.servicio.com.co\/wp-content\/uploads\/2025\/07\/compartir.png\" class=\"attachment-large size-large wp-image-98\" alt=\"\" srcset=\"https:\/\/publitak.servicio.com.co\/wp-content\/uploads\/2025\/07\/compartir.png 512w, https:\/\/publitak.servicio.com.co\/wp-content\/uploads\/2025\/07\/compartir-300x300.png 300w, https:\/\/publitak.servicio.com.co\/wp-content\/uploads\/2025\/07\/compartir-150x150.png 150w\" sizes=\"(max-width: 512px) 100vw, 512px\" \/>\t\t\t\t\t\t\t\t<\/a>\n\t\t\t\t\t\t\t\t\t\t\t<figcaption class=\"widget-image-caption wp-caption-text\"><\/figcaption>\n\t\t\t\t\t\t\t\t\t\t<\/figure>\n\t\t\t\t\t\t\t\t\t<\/div>\n\t\t\t\t<div class=\"elementor-element elementor-element-d7b7ddd elementor-widget elementor-widget-image\" data-id=\"d7b7ddd\" data-element_type=\"widget\" data-widget_type=\"image.default\">\n\t\t\t\t\t\t\t\t\t\t\t\t\t\t\t\t<a href=\"https:\/\/publitak.servicio.com.co\/\">\n\t\t\t\t\t\t\t<img loading=\"lazy\" decoding=\"async\" width=\"512\" height=\"512\" src=\"https:\/\/publitak.servicio.com.co\/wp-content\/uploads\/2025\/07\/url.png\" class=\"attachment-large size-large wp-image-102\" alt=\"\" srcset=\"https:\/\/publitak.servicio.com.co\/wp-content\/uploads\/2025\/07\/url.png 512w, https:\/\/publitak.servicio.com.co\/wp-content\/uploads\/2025\/07\/url-300x300.png 300w, https:\/\/publitak.servicio.com.co\/wp-content\/uploads\/2025\/07\/url-150x150.png 150w\" sizes=\"(max-width: 512px) 100vw, 512px\" \/>\t\t\t\t\t\t\t\t<\/a>\n\t\t\t\t\t\t\t\t\t\t\t\t\t\t\t<\/div>\n\t\t\t\t<\/div>\n\t\t\t\t<div class=\"elementor-element elementor-element-c2d170a elementor-widget elementor-widget-image\" data-id=\"c2d170a\" data-element_type=\"widget\" data-widget_type=\"image.default\">\n\t\t\t\t\t\t\t\t\t\t\t\t\t\t\t<img decoding=\"async\" src=\"https:\/\/publitak.servicio.com.co\/wp-content\/uploads\/elementor\/thumbs\/maria-fernanda-r8h1nwe0yvgspw680j201j4k2tftvkc45n6h5w2nye.jpg\" title=\"maria fernanda\" alt=\"maria fernanda\" loading=\"lazy\" \/>\t\t\t\t\t\t\t\t\t\t\t\t\t\t\t<\/div>\n\t\t\t\t<\/div>\n\t\t\t\t\t<\/div>\n\t\t\t\t<\/div>\n\t\t<div class=\"elementor-element elementor-element-3a2b378 e-flex e-con-boxed e-con e-parent\" data-id=\"3a2b378\" data-element_type=\"container\">\n\t\t\t\t\t<div class=\"e-con-inner\">\n\t\t\t\t<div class=\"elementor-element elementor-element-f310fee elementor-arrows-position-inside elementor-pagination-position-outside elementor-widget elementor-widget-image-carousel\" data-id=\"f310fee\" data-element_type=\"widget\" data-settings=\"{&quot;slides_to_show_mobile&quot;:&quot;1&quot;,&quot;slides_to_show&quot;:&quot;2&quot;,&quot;navigation&quot;:&quot;both&quot;,&quot;autoplay&quot;:&quot;yes&quot;,&quot;pause_on_hover&quot;:&quot;yes&quot;,&quot;pause_on_interaction&quot;:&quot;yes&quot;,&quot;autoplay_speed&quot;:5000,&quot;infinite&quot;:&quot;yes&quot;,&quot;speed&quot;:500}\" data-widget_type=\"image-carousel.default\">\n\t\t\t\t\t\t\t<div class=\"elementor-image-carousel-wrapper swiper\" role=\"region\" aria-roledescription=\"carousel\" aria-label=\"Carrusel de im\u00e1genes\" dir=\"ltr\">\n\t\t\t<div class=\"elementor-image-carousel swiper-wrapper\" aria-live=\"off\">\n\t\t\t\t\t\t\t\t<div class=\"swiper-slide\" role=\"group\" aria-roledescription=\"slide\" aria-label=\"1 of 4\"><figure class=\"swiper-slide-inner\"><img decoding=\"async\" class=\"swiper-slide-image\" src=\"https:\/\/publitak.servicio.com.co\/wp-content\/uploads\/2025\/07\/11-1.png\" alt=\"1[1]\" \/><\/figure><\/div><div class=\"swiper-slide\" role=\"group\" aria-roledescription=\"slide\" aria-label=\"2 of 4\"><figure class=\"swiper-slide-inner\"><img decoding=\"async\" class=\"swiper-slide-image\" src=\"https:\/\/publitak.servicio.com.co\/wp-content\/uploads\/2025\/07\/21-1.png\" alt=\"2[1]\" \/><\/figure><\/div><div class=\"swiper-slide\" role=\"group\" aria-roledescription=\"slide\" aria-label=\"3 of 4\"><figure class=\"swiper-slide-inner\"><img decoding=\"async\" class=\"swiper-slide-image\" src=\"https:\/\/publitak.servicio.com.co\/wp-content\/uploads\/2025\/07\/31-1.png\" alt=\"3[1]\" \/><\/figure><\/div><div class=\"swiper-slide\" role=\"group\" aria-roledescription=\"slide\" aria-label=\"4 of 4\"><figure class=\"swiper-slide-inner\"><img decoding=\"async\" class=\"swiper-slide-image\" src=\"https:\/\/publitak.servicio.com.co\/wp-content\/uploads\/2025\/08\/publitaak-2025.png\" alt=\"publitaak 2025\" \/><\/figure><\/div>\t\t\t<\/div>\n\t\t\t\t\t\t\t\t\t\t\t\t<div class=\"elementor-swiper-button elementor-swiper-button-prev\" role=\"button\" tabindex=\"0\">\n\t\t\t\t\t\t<svg aria-hidden=\"true\" class=\"e-font-icon-svg e-eicon-chevron-left\" viewBox=\"0 0 1000 1000\" xmlns=\"http:\/\/www.w3.org\/2000\/svg\"><path d=\"M646 125C629 125 613 133 604 142L308 442C296 454 292 471 292 487 292 504 296 521 308 533L604 854C617 867 629 875 646 875 663 875 679 871 692 858 704 846 713 829 713 812 713 796 708 779 692 767L438 487 692 225C700 217 708 204 708 187 708 171 704 154 692 142 675 129 663 125 646 125Z\"><\/path><\/svg>\t\t\t\t\t<\/div>\n\t\t\t\t\t<div class=\"elementor-swiper-button elementor-swiper-button-next\" role=\"button\" tabindex=\"0\">\n\t\t\t\t\t\t<svg aria-hidden=\"true\" class=\"e-font-icon-svg e-eicon-chevron-right\" viewBox=\"0 0 1000 1000\" xmlns=\"http:\/\/www.w3.org\/2000\/svg\"><path d=\"M696 533C708 521 713 504 713 487 713 471 708 454 696 446L400 146C388 133 375 125 354 125 338 125 325 129 313 142 300 154 292 171 292 187 292 204 296 221 308 233L563 492 304 771C292 783 288 800 288 817 288 833 296 850 308 863 321 871 338 875 354 875 371 875 388 867 400 854L696 533Z\"><\/path><\/svg>\t\t\t\t\t<\/div>\n\t\t\t\t\n\t\t\t\t\t\t\t\t\t<div class=\"swiper-pagination\"><\/div>\n\t\t\t\t\t\t\t\t\t<\/div>\n\t\t\t\t\t\t<\/div>\n\t\t\t\t\t<\/div>\n\t\t\t\t<\/div>\n\t\t<div class=\"elementor-element elementor-element-5111552 e-flex e-con-boxed e-con e-parent\" data-id=\"5111552\" data-element_type=\"container\">\n\t\t\t\t\t<div class=\"e-con-inner\">\n\t\t\t\t<div class=\"elementor-element elementor-element-4ae0306 elementor-mobile-align-center elementor-widget elementor-widget-button\" data-id=\"4ae0306\" data-element_type=\"widget\" data-widget_type=\"button.default\">\n\t\t\t\t\t\t\t\t\t\t<a class=\"elementor-button elementor-button-link elementor-size-sm\" href=\"https:\/\/publitak.servicio.com.co\/wp-content\/uploads\/2025\/08\/Copia-de-Catalogo-Publitak.pdf.pdf\">\n\t\t\t\t\t\t<span class=\"elementor-button-content-wrapper\">\n\t\t\t\t\t\t\t\t\t<span class=\"elementor-button-text\">Descargar Cat\u00e1logo<\/span>\n\t\t\t\t\t<\/span>\n\t\t\t\t\t<\/a>\n\t\t\t\t\t\t\t\t<\/div>\n\t\t\t\t\t<\/div>\n\t\t\t\t<\/div>\n\t\t<div class=\"elementor-element elementor-element-33ac207 e-flex e-con-boxed e-con e-parent\" data-id=\"33ac207\" data-element_type=\"container\">\n\t\t\t\t\t<div class=\"e-con-inner\">\n\t\t\t\t<div class=\"elementor-element elementor-element-3fe1d88 elementor-widget elementor-widget-text-editor\" data-id=\"3fe1d88\" data-element_type=\"widget\" data-widget_type=\"text-editor.default\">\n\t\t\t\t\t\t\t\t\t<p>Puedes ingresar el nuemero directamente o con el indicativo 57 y el n\u00famero de WhatsApp<\/p>\t\t\t\t\t\t\t\t<\/div>\n\t\t\t\t<div class=\"elementor-element elementor-element-a5be9ec elementor-widget-mobile__width-initial elementor-widget elementor-widget-html\" data-id=\"a5be9ec\" data-element_type=\"widget\" data-widget_type=\"html.default\">\n\t\t\t\t\t<!DOCTYPE html>\r\n<html lang=\"es\">\r\n<head>\r\n    <meta charset=\"UTF-8\">\r\n    <meta name=\"viewport\" content=\"width=device-width, initial-scale=1.0\">\r\n    <title>Enviar Saludo por WhatsApp<\/title>\r\n    <style>\r\n        body {\r\n            font-family: Arial, sans-serif;\r\n            display: flex;\r\n            justify-content: center;\r\n            align-items: center;\r\n            min-height: 100vh;\r\n            background-color: #f4f4f4;\r\n            margin: 0;\r\n        }\r\n        .whatsapp-container {\r\n            background-color: #fff;\r\n            padding: 30px;\r\n            border-radius: 8px;\r\n            box-shadow: 0 2px 10px rgba(0, 0, 0, 0.1);\r\n            text-align: center;\r\n        }\r\n        .whatsapp-container h2 {\r\n            color: #333;\r\n            margin-bottom: 20px;\r\n        }\r\n        .input-group {\r\n            margin-bottom: 20px;\r\n            display: flex;\r\n            align-items: center;\r\n            justify-content: center;\r\n            gap: 10px; \/* Espacio entre el input y el bot\u00f3n *\/\r\n        }\r\n        .input-group label {\r\n            display: block;\r\n            margin-bottom: 5px;\r\n            color: #555;\r\n            font-weight: bold;\r\n        }\r\n        .input-group input[type=\"text\"] {\r\n            padding: 10px;\r\n            border: 1px solid #ddd;\r\n            border-radius: 4px;\r\n            font-size: 16px;\r\n            width: 250px;\r\n            max-width: 100%;\r\n        }\r\n        .input-group button {\r\n            background-color: #25d366; \/* Color de WhatsApp *\/\r\n            color: white;\r\n            padding: 10px 20px;\r\n            border: none;\r\n            border-radius: 4px;\r\n            cursor: pointer;\r\n            font-size: 16px;\r\n            transition: background-color 0.3s ease;\r\n        }\r\n        .input-group button:hover {\r\n            background-color: #1da851;\r\n        }\r\n        .info-text {\r\n            font-size: 14px;\r\n            color: #777;\r\n            margin-top: 15px;\r\n        }\r\n    <\/style>\r\n<\/head>\r\n<body>\r\n\r\n    <div class=\"whatsapp-container\">\r\n        <h2>Enviar Saludo por WhatsApp<\/h2>\r\n        <div class=\"input-group\">\r\n            <input type=\"text\" id=\"whatsappNumber\" placeholder=\"N\u00famero de WhatsApp (ej: 573118744110)\">\r\n            <button onclick=\"enviarWhatsApp()\">Enviar<\/button>\r\n        <\/div>\r\n        <p class=\"info-text\">\r\n                        <br>\r\n                  <\/p>\r\n    <\/div>\r\n\r\n    <script>\r\n        function enviarWhatsApp() {\r\n            const numero = document.getElementById('whatsappNumber').value.trim();\r\n\r\n            \/\/ Validar si el n\u00famero no est\u00e1 vac\u00edo\r\n            if (numero === \"\") {\r\n                alert(\"Por favor, introduce un n\u00famero de WhatsApp.\");\r\n                return;\r\n            }\r\n\r\n            \/\/ Define tu nombre y la URL de tu tarjeta\r\n            const miNombre = \"MAR\u00cdA FERNANDA CAMARGO SERRANO\"; \/\/ \u00a1CAMBIA ESTO CON TU NOMBRE!\r\n            const miURL = \"https:\/\/publitak.servicio.com.co\/\"; \/\/ \u00a1CAMBIA ESTO CON LA URL DE TU TARJETA!\r\n\r\n            \/\/ Codifica el mensaje para que sea seguro en la URL\r\n            const mensaje = encodeURIComponent(`Hola, soy ${miNombre}. Te invito a descargar mi portafolio de servicios en: la URL: ${miURL}`);\r\n\r\n            \/\/ Construye la URL de WhatsApp\r\n            \/\/ Formato: https:\/\/wa.me\/<numero>?text=<mensaje>\r\n            const whatsappURL = `https:\/\/wa.me\/${numero}?text=${mensaje}`;\r\n\r\n            \/\/ Abre la URL de WhatsApp en una nueva pesta\u00f1a\r\n            window.open(whatsappURL, '_blank');\r\n        }\r\n    <\/script>\r\n<\/body>\r\n<\/html>\t\t\t\t<\/div>\n\t\t\t\t\t<\/div>\n\t\t\t\t<\/div>\n\t\t\t\t<\/div>\n\t\t","protected":false},"excerpt":{"rendered":"<p>Mar\u00eda Fernanda Camargo Serrano Instalaci\u00f3n De Tarjetas Digitales Descargar Cat\u00e1logo Puedes ingresar el nuemero directamente o con el indicativo 57 y el n\u00famero de WhatsApp Enviar Saludo por WhatsApp Enviar Saludo por WhatsApp Enviar<\/p>\n","protected":false},"author":1,"featured_media":0,"parent":0,"menu_order":0,"comment_status":"closed","ping_status":"open","template":"elementor_header_footer","meta":{"footnotes":""},"class_list":["post-2","page","type-page","status-publish","hentry"],"_links":{"self":[{"href":"https:\/\/publitak.servicio.com.co\/index.php\/wp-json\/wp\/v2\/pages\/2","targetHints":{"allow":["GET"]}}],"collection":[{"href":"https:\/\/publitak.servicio.com.co\/index.php\/wp-json\/wp\/v2\/pages"}],"about":[{"href":"https:\/\/publitak.servicio.com.co\/index.php\/wp-json\/wp\/v2\/types\/page"}],"author":[{"embeddable":true,"href":"https:\/\/publitak.servicio.com.co\/index.php\/wp-json\/wp\/v2\/users\/1"}],"replies":[{"embeddable":true,"href":"https:\/\/publitak.servicio.com.co\/index.php\/wp-json\/wp\/v2\/comments?post=2"}],"version-history":[{"count":181,"href":"https:\/\/publitak.servicio.com.co\/index.php\/wp-json\/wp\/v2\/pages\/2\/revisions"}],"predecessor-version":[{"id":231,"href":"https:\/\/publitak.servicio.com.co\/index.php\/wp-json\/wp\/v2\/pages\/2\/revisions\/231"}],"wp:attachment":[{"href":"https:\/\/publitak.servicio.com.co\/index.php\/wp-json\/wp\/v2\/media?parent=2"}],"curies":[{"name":"wp","href":"https:\/\/api.w.org\/{rel}","templated":true}]}}